{"id":2290,"date":"2024-04-24T20:34:41","date_gmt":"2024-04-24T18:34:41","guid":{"rendered":"https:\/\/test.marybotanics.com\/imprint\/"},"modified":"2025-01-21T15:23:23","modified_gmt":"2025-01-21T14:23:23","slug":"imprint","status":"publish","type":"page","link":"https:\/\/marybotanics.com\/en\/imprint\/","title":{"rendered":"Imprint"},"content":{"rendered":"\n<div class=\"wp-block-group alignwide is-layout-flow wp-block-group-is-layout-flow\" style=\"padding-top:var(--wp--preset--spacing--30);padding-bottom:var(--wp--preset--spacing--30)\">\n<p class=\"has-text-align-center\">&#8216;Mary Botanics&#8217; is a brand of<br\/>Tasiemska &amp; H\u00f6cker GbR<br\/>Scheibenstra\u00dfe 96<br\/>48153 M\u00fcnster<\/p>\n\n\n\n<p class=\"has-text-align-center\">Partners: Katarzyna Tasiemska, Matthias H\u00f6cker<\/p>\n\n\n\n<p class=\"has-text-align-center\">Phone: 0157\/36010420<br\/>E-mail: info@marybotanics.com<\/p>\n\n\n\n<p class=\"has-text-align-center\">Sales tax identification number: DE341017696<\/p>\n\n\n\n<p class=\"has-text-align-center\">Responsible for content: Mary Botanics | Tasiemska &amp; H\u00f6cker GbR, address as above.<\/p>\n\n\n\n<p class=\"has-text-align-center\">Design + technical implementation: High There Mary | <a href=\"http:\/\/hightheremary.com\" target=\"_blank\" rel=\"noreferrer noopener\">HighThereMary.com<\/a><\/p>\n\n\n\n<p class=\"has-text-align-center\">Platform of the European Commission for online dispute resolution (OS) for consumers: https:\/\/ec.europa.eu\/consumers\/odr\/. We are not willing or obliged to participate in dispute resolution proceedings before a consumer arbitration board.<\/p>\n<\/div>\n","protected":false},"excerpt":{"rendered":"<p>&#8216;Mary Botanics&#8217; is a brand ofTasiemska &amp; H\u00f6cker GbRScheibenstra\u00dfe 9648153 M\u00fcnster Partners: Katarzyna Tasiemska, Matthias H\u00f6cker Phone: 0157\/36010420E-mail: info@marybotanics.com Sales tax identification number: DE341017696 Responsible for content: Mary Botanics | Tasiemska &amp; H\u00f6cker GbR, address as above. Design + technical implementation: High There Mary | HighThereMary.com Platform of the European Commission for online dispute resolution [&hellip;]<\/p>\n","protected":false},"author":1,"featured_media":0,"parent":0,"menu_order":0,"comment_status":"closed","ping_status":"closed","template":"freya-with-header-title","meta":{"footnotes":""},"class_list":["post-2290","page","type-page","status-publish","hentry"],"yoast_head":"<!-- This site is optimized with the Yoast SEO plugin v27.4 - https:\/\/yoast.com\/product\/yoast-seo-wordpress\/ -->\n<title>Imprint - Mary Botanics<\/title>\n<meta name=\"robots\" content=\"index, follow, max-snippet:-1, max-image-preview:large, max-video-preview:-1\" \/>\n<link rel=\"canonical\" href=\"https:\/\/marybotanics.com\/en\/imprint\/\" \/>\n<meta property=\"og:locale\" content=\"en_US\" \/>\n<meta property=\"og:type\" content=\"article\" \/>\n<meta property=\"og:title\" content=\"Imprint - Mary Botanics\" \/>\n<meta property=\"og:description\" content=\"&#8216;Mary Botanics&#8217; is a brand ofTasiemska &amp; H\u00f6cker GbRScheibenstra\u00dfe 9648153 M\u00fcnster Partners: Katarzyna Tasiemska, Matthias H\u00f6cker Phone: 0157\/36010420E-mail: info@marybotanics.com Sales tax identification number: DE341017696 Responsible for content: Mary Botanics | Tasiemska &amp; H\u00f6cker GbR, address as above. Design + technical implementation: High There Mary | HighThereMary.com Platform of the European Commission for online dispute resolution [&hellip;]\" \/>\n<meta property=\"og:url\" content=\"https:\/\/marybotanics.com\/en\/imprint\/\" \/>\n<meta property=\"og:site_name\" content=\"Mary Botanics\" \/>\n<meta property=\"article:modified_time\" content=\"2025-01-21T14:23:23+00:00\" \/>\n<meta name=\"twitter:card\" content=\"summary_large_image\" \/>\n<script type=\"application\/ld+json\" class=\"yoast-schema-graph\">{\"@context\":\"https:\\\/\\\/schema.org\",\"@graph\":[{\"@type\":\"WebPage\",\"@id\":\"https:\\\/\\\/marybotanics.com\\\/en\\\/imprint\\\/\",\"url\":\"https:\\\/\\\/marybotanics.com\\\/en\\\/imprint\\\/\",\"name\":\"Imprint - Mary Botanics\",\"isPartOf\":{\"@id\":\"https:\\\/\\\/marybotanics.com\\\/en\\\/#website\"},\"datePublished\":\"2024-04-24T18:34:41+00:00\",\"dateModified\":\"2025-01-21T14:23:23+00:00\",\"breadcrumb\":{\"@id\":\"https:\\\/\\\/marybotanics.com\\\/en\\\/imprint\\\/#breadcrumb\"},\"inLanguage\":\"en-US\",\"potentialAction\":[{\"@type\":\"ReadAction\",\"target\":[\"https:\\\/\\\/marybotanics.com\\\/en\\\/imprint\\\/\"]}]},{\"@type\":\"BreadcrumbList\",\"@id\":\"https:\\\/\\\/marybotanics.com\\\/en\\\/imprint\\\/#breadcrumb\",\"itemListElement\":[{\"@type\":\"ListItem\",\"position\":1,\"name\":\"Startseite\",\"item\":\"https:\\\/\\\/marybotanics.com\\\/en\\\/\"},{\"@type\":\"ListItem\",\"position\":2,\"name\":\"Imprint\"}]},{\"@type\":\"WebSite\",\"@id\":\"https:\\\/\\\/marybotanics.com\\\/en\\\/#website\",\"url\":\"https:\\\/\\\/marybotanics.com\\\/en\\\/\",\"name\":\"Mary Botanics\",\"description\":\"Keep Growin&#039;\",\"publisher\":{\"@id\":\"https:\\\/\\\/marybotanics.com\\\/en\\\/#organization\"},\"potentialAction\":[{\"@type\":\"SearchAction\",\"target\":{\"@type\":\"EntryPoint\",\"urlTemplate\":\"https:\\\/\\\/marybotanics.com\\\/en\\\/?s={search_term_string}\"},\"query-input\":{\"@type\":\"PropertyValueSpecification\",\"valueRequired\":true,\"valueName\":\"search_term_string\"}}],\"inLanguage\":\"en-US\"},{\"@type\":\"Organization\",\"@id\":\"https:\\\/\\\/marybotanics.com\\\/en\\\/#organization\",\"name\":\"Mary Botanics\",\"url\":\"https:\\\/\\\/marybotanics.com\\\/en\\\/\",\"logo\":{\"@type\":\"ImageObject\",\"inLanguage\":\"en-US\",\"@id\":\"https:\\\/\\\/marybotanics.com\\\/en\\\/#\\\/schema\\\/logo\\\/image\\\/\",\"url\":\"https:\\\/\\\/marybotanics.com\\\/wp-content\\\/uploads\\\/2024\\\/11\\\/MaryBotanics_Signet_Black.png\",\"contentUrl\":\"https:\\\/\\\/marybotanics.com\\\/wp-content\\\/uploads\\\/2024\\\/11\\\/MaryBotanics_Signet_Black.png\",\"width\":1386,\"height\":1044,\"caption\":\"Mary Botanics\"},\"image\":{\"@id\":\"https:\\\/\\\/marybotanics.com\\\/en\\\/#\\\/schema\\\/logo\\\/image\\\/\"}}]}<\/script>\n<!-- \/ Yoast SEO plugin. -->","yoast_head_json":{"title":"Imprint - Mary Botanics","robots":{"index":"index","follow":"follow","max-snippet":"max-snippet:-1","max-image-preview":"max-image-preview:large","max-video-preview":"max-video-preview:-1"},"canonical":"https:\/\/marybotanics.com\/en\/imprint\/","og_locale":"en_US","og_type":"article","og_title":"Imprint - Mary Botanics","og_description":"&#8216;Mary Botanics&#8217; is a brand ofTasiemska &amp; H\u00f6cker GbRScheibenstra\u00dfe 9648153 M\u00fcnster Partners: Katarzyna Tasiemska, Matthias H\u00f6cker Phone: 0157\/36010420E-mail: info@marybotanics.com Sales tax identification number: DE341017696 Responsible for content: Mary Botanics | Tasiemska &amp; H\u00f6cker GbR, address as above. Design + technical implementation: High There Mary | HighThereMary.com Platform of the European Commission for online dispute resolution [&hellip;]","og_url":"https:\/\/marybotanics.com\/en\/imprint\/","og_site_name":"Mary Botanics","article_modified_time":"2025-01-21T14:23:23+00:00","twitter_card":"summary_large_image","schema":{"@context":"https:\/\/schema.org","@graph":[{"@type":"WebPage","@id":"https:\/\/marybotanics.com\/en\/imprint\/","url":"https:\/\/marybotanics.com\/en\/imprint\/","name":"Imprint - Mary Botanics","isPartOf":{"@id":"https:\/\/marybotanics.com\/en\/#website"},"datePublished":"2024-04-24T18:34:41+00:00","dateModified":"2025-01-21T14:23:23+00:00","breadcrumb":{"@id":"https:\/\/marybotanics.com\/en\/imprint\/#breadcrumb"},"inLanguage":"en-US","potentialAction":[{"@type":"ReadAction","target":["https:\/\/marybotanics.com\/en\/imprint\/"]}]},{"@type":"BreadcrumbList","@id":"https:\/\/marybotanics.com\/en\/imprint\/#breadcrumb","itemListElement":[{"@type":"ListItem","position":1,"name":"Startseite","item":"https:\/\/marybotanics.com\/en\/"},{"@type":"ListItem","position":2,"name":"Imprint"}]},{"@type":"WebSite","@id":"https:\/\/marybotanics.com\/en\/#website","url":"https:\/\/marybotanics.com\/en\/","name":"Mary Botanics","description":"Keep Growin&#039;","publisher":{"@id":"https:\/\/marybotanics.com\/en\/#organization"},"potentialAction":[{"@type":"SearchAction","target":{"@type":"EntryPoint","urlTemplate":"https:\/\/marybotanics.com\/en\/?s={search_term_string}"},"query-input":{"@type":"PropertyValueSpecification","valueRequired":true,"valueName":"search_term_string"}}],"inLanguage":"en-US"},{"@type":"Organization","@id":"https:\/\/marybotanics.com\/en\/#organization","name":"Mary Botanics","url":"https:\/\/marybotanics.com\/en\/","logo":{"@type":"ImageObject","inLanguage":"en-US","@id":"https:\/\/marybotanics.com\/en\/#\/schema\/logo\/image\/","url":"https:\/\/marybotanics.com\/wp-content\/uploads\/2024\/11\/MaryBotanics_Signet_Black.png","contentUrl":"https:\/\/marybotanics.com\/wp-content\/uploads\/2024\/11\/MaryBotanics_Signet_Black.png","width":1386,"height":1044,"caption":"Mary Botanics"},"image":{"@id":"https:\/\/marybotanics.com\/en\/#\/schema\/logo\/image\/"}}]}},"_links":{"self":[{"href":"https:\/\/marybotanics.com\/en\/wp-json\/wp\/v2\/pages\/2290","targetHints":{"allow":["GET"]}}],"collection":[{"href":"https:\/\/marybotanics.com\/en\/wp-json\/wp\/v2\/pages"}],"about":[{"href":"https:\/\/marybotanics.com\/en\/wp-json\/wp\/v2\/types\/page"}],"author":[{"embeddable":true,"href":"https:\/\/marybotanics.com\/en\/wp-json\/wp\/v2\/users\/1"}],"replies":[{"embeddable":true,"href":"https:\/\/marybotanics.com\/en\/wp-json\/wp\/v2\/comments?post=2290"}],"version-history":[{"count":1,"href":"https:\/\/marybotanics.com\/en\/wp-json\/wp\/v2\/pages\/2290\/revisions"}],"predecessor-version":[{"id":2291,"href":"https:\/\/marybotanics.com\/en\/wp-json\/wp\/v2\/pages\/2290\/revisions\/2291"}],"wp:attachment":[{"href":"https:\/\/marybotanics.com\/en\/wp-json\/wp\/v2\/media?parent=2290"}],"curies":[{"name":"wp","href":"https:\/\/api.w.org\/{rel}","templated":true}]}}